{"id":1503,"date":"2022-08-01T17:50:20","date_gmt":"2022-08-01T15:50:20","guid":{"rendered":"https:\/\/riverboat-heidelberg.de\/boats\/"},"modified":"2026-01-29T15:51:58","modified_gmt":"2026-01-29T14:51:58","slug":"boats","status":"publish","type":"page","link":"https:\/\/riverboat-heidelberg.de\/en\/boats\/","title":{"rendered":"Boats"},"content":{"rendered":"","protected":false},"excerpt":{"rendered":"","protected":false},"author":1,"featured_media":0,"parent":0,"menu_order":0,"comment_status":"closed","ping_status":"closed","template":"","meta":{"footnotes":""},"class_list":["post-1503","page","type-page","status-publish","hentry"],"yoast_head":"<!-- This site is optimized with the Yoast SEO Premium plugin v24.2 (Yoast SEO v27.4) - https:\/\/yoast.com\/product\/yoast-seo-premium-wordpress\/ -->\n<title>Boats | Riverboat Heidelberg<\/title>\n<meta name=\"description\" content=\"Unsere beiden stilvollen, aufw\u00e4ndig restaurierten historischen Holzboote, die Orso und die Pulpito, bieten Platz f\u00fcr jeweils 12 G\u00e4ste.\" \/>\n<meta name=\"robots\" content=\"index, follow, max-snippet:-1, max-image-preview:large, max-video-preview:-1\" \/>\n<link rel=\"canonical\" href=\"https:\/\/riverboat-heidelberg.de\/en\/boats\/\" \/>\n<meta property=\"og:locale\" content=\"en_US\" \/>\n<meta property=\"og:type\" content=\"article\" \/>\n<meta property=\"og:title\" content=\"Boats\" \/>\n<meta property=\"og:description\" content=\"Unsere beiden stilvollen, aufw\u00e4ndig restaurierten historischen Holzboote, die Orso und die Pulpito, bieten Platz f\u00fcr jeweils 12 G\u00e4ste.\" \/>\n<meta property=\"og:url\" content=\"https:\/\/riverboat-heidelberg.de\/en\/boats\/\" \/>\n<meta property=\"og:site_name\" content=\"Riverboat Heidelberg\" \/>\n<meta property=\"article:modified_time\" content=\"2026-01-29T14:51:58+00:00\" \/>\n<meta name=\"twitter:card\" content=\"summary_large_image\" \/>\n<script type=\"application\/ld+json\" class=\"yoast-schema-graph\">{\"@context\":\"https:\\\/\\\/schema.org\",\"@graph\":[{\"@type\":\"WebPage\",\"@id\":\"https:\\\/\\\/riverboat-heidelberg.de\\\/en\\\/boats\\\/\",\"url\":\"https:\\\/\\\/riverboat-heidelberg.de\\\/en\\\/boats\\\/\",\"name\":\"Boats | Riverboat Heidelberg\",\"isPartOf\":{\"@id\":\"https:\\\/\\\/riverboat-heidelberg.de\\\/en\\\/#website\"},\"datePublished\":\"2022-08-01T15:50:20+00:00\",\"dateModified\":\"2026-01-29T14:51:58+00:00\",\"description\":\"Unsere beiden stilvollen, aufw\u00e4ndig restaurierten historischen Holzboote, die Orso und die Pulpito, bieten Platz f\u00fcr jeweils 12 G\u00e4ste.\",\"breadcrumb\":{\"@id\":\"https:\\\/\\\/riverboat-heidelberg.de\\\/en\\\/boats\\\/#breadcrumb\"},\"inLanguage\":\"en-US\",\"potentialAction\":[{\"@type\":\"ReadAction\",\"target\":[\"https:\\\/\\\/riverboat-heidelberg.de\\\/en\\\/boats\\\/\"]}]},{\"@type\":\"BreadcrumbList\",\"@id\":\"https:\\\/\\\/riverboat-heidelberg.de\\\/en\\\/boats\\\/#breadcrumb\",\"itemListElement\":[{\"@type\":\"ListItem\",\"position\":1,\"name\":\"Startseite\",\"item\":\"https:\\\/\\\/riverboat-heidelberg.de\\\/en\\\/home\\\/\"},{\"@type\":\"ListItem\",\"position\":2,\"name\":\"Boats\"}]},{\"@type\":\"WebSite\",\"@id\":\"https:\\\/\\\/riverboat-heidelberg.de\\\/en\\\/#website\",\"url\":\"https:\\\/\\\/riverboat-heidelberg.de\\\/en\\\/\",\"name\":\"Riverboat Heidelberg\",\"description\":\"Bootsfahrten auf dem Neckar in Heidelberg\",\"publisher\":{\"@id\":\"https:\\\/\\\/riverboat-heidelberg.de\\\/en\\\/#organization\"},\"potentialAction\":[{\"@type\":\"SearchAction\",\"target\":{\"@type\":\"EntryPoint\",\"urlTemplate\":\"https:\\\/\\\/riverboat-heidelberg.de\\\/en\\\/?s={search_term_string}\"},\"query-input\":{\"@type\":\"PropertyValueSpecification\",\"valueRequired\":true,\"valueName\":\"search_term_string\"}}],\"inLanguage\":\"en-US\"},{\"@type\":\"Organization\",\"@id\":\"https:\\\/\\\/riverboat-heidelberg.de\\\/en\\\/#organization\",\"name\":\"Riverboat Heidelberg\",\"url\":\"https:\\\/\\\/riverboat-heidelberg.de\\\/en\\\/\",\"logo\":{\"@type\":\"ImageObject\",\"inLanguage\":\"en-US\",\"@id\":\"https:\\\/\\\/riverboat-heidelberg.de\\\/en\\\/#\\\/schema\\\/logo\\\/image\\\/\",\"url\":\"https:\\\/\\\/riverboat-heidelberg.de\\\/wp-content\\\/uploads\\\/2022\\\/08\\\/riverboat-heidelberg-logo-rechung.png\",\"contentUrl\":\"https:\\\/\\\/riverboat-heidelberg.de\\\/wp-content\\\/uploads\\\/2022\\\/08\\\/riverboat-heidelberg-logo-rechung.png\",\"width\":600,\"height\":611,\"caption\":\"Riverboat Heidelberg\"},\"image\":{\"@id\":\"https:\\\/\\\/riverboat-heidelberg.de\\\/en\\\/#\\\/schema\\\/logo\\\/image\\\/\"}}]}<\/script>\n<!-- \/ Yoast SEO Premium plugin. -->","yoast_head_json":{"title":"Boats | Riverboat Heidelberg","description":"Unsere beiden stilvollen, aufw\u00e4ndig restaurierten historischen Holzboote, die Orso und die Pulpito, bieten Platz f\u00fcr jeweils 12 G\u00e4ste.","robots":{"index":"index","follow":"follow","max-snippet":"max-snippet:-1","max-image-preview":"max-image-preview:large","max-video-preview":"max-video-preview:-1"},"canonical":"https:\/\/riverboat-heidelberg.de\/en\/boats\/","og_locale":"en_US","og_type":"article","og_title":"Boats","og_description":"Unsere beiden stilvollen, aufw\u00e4ndig restaurierten historischen Holzboote, die Orso und die Pulpito, bieten Platz f\u00fcr jeweils 12 G\u00e4ste.","og_url":"https:\/\/riverboat-heidelberg.de\/en\/boats\/","og_site_name":"Riverboat Heidelberg","article_modified_time":"2026-01-29T14:51:58+00:00","twitter_card":"summary_large_image","schema":{"@context":"https:\/\/schema.org","@graph":[{"@type":"WebPage","@id":"https:\/\/riverboat-heidelberg.de\/en\/boats\/","url":"https:\/\/riverboat-heidelberg.de\/en\/boats\/","name":"Boats | Riverboat Heidelberg","isPartOf":{"@id":"https:\/\/riverboat-heidelberg.de\/en\/#website"},"datePublished":"2022-08-01T15:50:20+00:00","dateModified":"2026-01-29T14:51:58+00:00","description":"Unsere beiden stilvollen, aufw\u00e4ndig restaurierten historischen Holzboote, die Orso und die Pulpito, bieten Platz f\u00fcr jeweils 12 G\u00e4ste.","breadcrumb":{"@id":"https:\/\/riverboat-heidelberg.de\/en\/boats\/#breadcrumb"},"inLanguage":"en-US","potentialAction":[{"@type":"ReadAction","target":["https:\/\/riverboat-heidelberg.de\/en\/boats\/"]}]},{"@type":"BreadcrumbList","@id":"https:\/\/riverboat-heidelberg.de\/en\/boats\/#breadcrumb","itemListElement":[{"@type":"ListItem","position":1,"name":"Startseite","item":"https:\/\/riverboat-heidelberg.de\/en\/home\/"},{"@type":"ListItem","position":2,"name":"Boats"}]},{"@type":"WebSite","@id":"https:\/\/riverboat-heidelberg.de\/en\/#website","url":"https:\/\/riverboat-heidelberg.de\/en\/","name":"Riverboat Heidelberg","description":"Bootsfahrten auf dem Neckar in Heidelberg","publisher":{"@id":"https:\/\/riverboat-heidelberg.de\/en\/#organization"},"potentialAction":[{"@type":"SearchAction","target":{"@type":"EntryPoint","urlTemplate":"https:\/\/riverboat-heidelberg.de\/en\/?s={search_term_string}"},"query-input":{"@type":"PropertyValueSpecification","valueRequired":true,"valueName":"search_term_string"}}],"inLanguage":"en-US"},{"@type":"Organization","@id":"https:\/\/riverboat-heidelberg.de\/en\/#organization","name":"Riverboat Heidelberg","url":"https:\/\/riverboat-heidelberg.de\/en\/","logo":{"@type":"ImageObject","inLanguage":"en-US","@id":"https:\/\/riverboat-heidelberg.de\/en\/#\/schema\/logo\/image\/","url":"https:\/\/riverboat-heidelberg.de\/wp-content\/uploads\/2022\/08\/riverboat-heidelberg-logo-rechung.png","contentUrl":"https:\/\/riverboat-heidelberg.de\/wp-content\/uploads\/2022\/08\/riverboat-heidelberg-logo-rechung.png","width":600,"height":611,"caption":"Riverboat Heidelberg"},"image":{"@id":"https:\/\/riverboat-heidelberg.de\/en\/#\/schema\/logo\/image\/"}}]}},"_links":{"self":[{"href":"https:\/\/riverboat-heidelberg.de\/en\/wp-json\/wp\/v2\/pages\/1503","targetHints":{"allow":["GET"]}}],"collection":[{"href":"https:\/\/riverboat-heidelberg.de\/en\/wp-json\/wp\/v2\/pages"}],"about":[{"href":"https:\/\/riverboat-heidelberg.de\/en\/wp-json\/wp\/v2\/types\/page"}],"author":[{"embeddable":true,"href":"https:\/\/riverboat-heidelberg.de\/en\/wp-json\/wp\/v2\/users\/1"}],"replies":[{"embeddable":true,"href":"https:\/\/riverboat-heidelberg.de\/en\/wp-json\/wp\/v2\/comments?post=1503"}],"version-history":[{"count":1,"href":"https:\/\/riverboat-heidelberg.de\/en\/wp-json\/wp\/v2\/pages\/1503\/revisions"}],"predecessor-version":[{"id":16008,"href":"https:\/\/riverboat-heidelberg.de\/en\/wp-json\/wp\/v2\/pages\/1503\/revisions\/16008"}],"wp:attachment":[{"href":"https:\/\/riverboat-heidelberg.de\/en\/wp-json\/wp\/v2\/media?parent=1503"}],"curies":[{"name":"wp","href":"https:\/\/api.w.org\/{rel}","templated":true}]}}